{"id":15,"date":"2020-03-02T07:47:48","date_gmt":"2020-03-02T07:47:48","guid":{"rendered":"https:\/\/navarholdings.com\/?page_id=15"},"modified":"2025-04-06T11:26:53","modified_gmt":"2025-04-06T11:26:53","slug":"home","status":"publish","type":"page","link":"https:\/\/navarholdings.com\/es\/","title":{"rendered":"Inicio"},"content":{"rendered":"<img loading='false' src=\"https:\/\/navarholdings.com\/wp-content\/uploads\/2024\/04\/Navar_Home-1.jpg\" alt=\"\" \/>\t\t\t\r\n\t\t\t<img loading='false' src=\"https:\/\/navarholdings.com\/wp-content\/uploads\/2024\/10\/HomeES.jpg\" alt=\"\" \/>\t\t\t\r\n\t\t\t<img loading='false' src=\"https:\/\/navarholdings.com\/wp-content\/uploads\/2024\/04\/Firefly-modern-construction-site-professional.jpg\" alt=\"\" \/>\t\t\t\r\n\t\t\t\t<h2>Construcci\u00f3n<\/h2><p>Venta Equipos y Maquinaria y Piezas \/ Servicio<\/p>\r\n<p>Gesti\u00f3n de Formaci\u00f3n \/ Supervisores \/ Personal (Construcci\u00f3n \/ Industria)<\/p>\r\n\t\t\t<img loading='false' src=\"https:\/\/navarholdings.com\/wp-content\/uploads\/2023\/12\/Firefly-Industrial-Design-Manufacture-Production-Lines-Machinery-Service-81773-1.jpg\" alt=\"\" \/>\t\t\t\r\n\t\t\t\t<h2>Industrial<\/h2><p>Dise\u00f1o y Fabricaci\u00f3n L\u00edneas de Producci\u00f3n\/Maquinaria<\/p>\r\n<p>Piezas \/ Servicio<\/p>\r\n\t\t\t<img loading='false' src=\"https:\/\/navarholdings.com\/wp-content\/uploads\/2024\/04\/Firefly-petroleum-company-oil-and-gas-refinery-industry-factory-at-twilight-professional.jpg\" alt=\"\" \/>\t\t\t\r\n\t\t\t\t<h2>Petr\u00f3leo<\/h2><p>Piezas \/ Servicio<\/p>\r\n<p>Equipos de Perforaci\u00f3n \/ Tuber\u00edas<\/p>\r\n<p>Petr\u00f3leo Crudo \/ Derivados<\/p>\r\n\t\t\t<img loading='false' src=\"https:\/\/navarholdings.com\/wp-content\/uploads\/2023\/12\/Firefly-Mining_Equipment-Machinery-81773-1.jpg\" alt=\"\" \/>\t\t\t\r\n\t\t\t\t<h2>Miner\u00eda<\/h2><p>Venta Equipos y Maquinaria y Piezas \/ Servicio<\/p>\r\n\t\t\t<img loading='false' src=\"https:\/\/navarholdings.com\/wp-content\/uploads\/2024\/01\/Firefly-show-development-of-a-country-with-steel-13598.jpg\" alt=\"\" \/>\t\t\t\r\n\t\t\t\t<h2>Acero<\/h2><p>Rieles, Acero, Tuber\u00edas, Chatarra, etc.<\/p>\r\n\t\t\t<img loading='false' src=\"https:\/\/navarholdings.com\/wp-content\/uploads\/2023\/12\/Firefly-green-energy-81773-1.jpg\" alt=\"\" \/>\t\t\t\r\n\t\t\t\t<h2>Energ\u00eda<\/h2><p>Solar, E\u00f3lica, Biomasa, Plantas El\u00e9ctricas, Hidr\u00e1ulica (Agua)<\/p>\r\n\t\t\t<img loading='false' src=\"https:\/\/navarholdings.com\/wp-content\/uploads\/2023\/12\/Firefly-Naval_Ships-Sale-and-or-Scrap-81773-1.jpg\" alt=\"\" \/>\t\t\t\r\n\t\t\t\t<h2>Naval<\/h2><p>Barcos Viejos (Venta y \/ o Desguace)<\/p>\r\n\t\t\t<img loading='false' src=\"https:\/\/navarholdings.com\/wp-content\/uploads\/2023\/12\/Firefly-food-production-industry-46094-1.jpg\" alt=\"\" \/>\t\t\t\r\n\t\t\t\t<h2>Alimento<\/h2><p>Productos alimenticios varios (Crudos y\/o Procesados)<\/p>\r\n\t\t\t<img loading='false' src=\"https:\/\/navarholdings.com\/wp-content\/uploads\/2023\/12\/Firefly-Mechanical_Parts-Service-81796-1.jpg\" alt=\"\" \/>\t\t\t\r\n\t\t\t\t<h2>Mec\u00e1nico<\/h2><p>Piezas \/ Servicio<\/p>\r\n\t\t\t<img loading='false' src=\"https:\/\/navarholdings.com\/wp-content\/uploads\/2024\/04\/Firefly-modern-Fertilizer-industry.jpg\" alt=\"\" \/>\t\t\t\r\n\t\t\t\t<h2>Fertilizante<\/h2><p>Urea, otros etc.<\/p>\r\n\t\t\t<img loading='false' src=\"https:\/\/navarholdings.com\/wp-content\/uploads\/2024\/04\/Navar_Home-1.jpg\" alt=\"\" \/>\t\t\t\r\n\t\t\t<img loading='false' src=\"https:\/\/navarholdings.com\/wp-content\/uploads\/2024\/10\/HomeES.jpg\" alt=\"\" \/>\t\t\t\r\n\t\t\t\t<a href=\"#\" aria-label=\"previous\" role=\"button\">\r\n<\/a>\r\n\t\t\t\t<a href=\"#\" aria-label=\"next\" role=\"button\">\r\n<\/a>","protected":false},"excerpt":{"rendered":"<p>Construction Equipment &amp; Machinery Sales &amp; Parts \/ Service Training Management \/ Supervisors \/ Personnel (Construction\/Industry) Industrial Design &amp; Manufacture Production Lines\/Machinery Parts \/ Service Petroleum Parts \/ Service Drill Rigs \/ Pipes Crude Oil \/ Derivatives Mining Equipment &amp; Machinery Sales &amp; Parts \/ Service Steel Rails, Steel, Pipes, Scrap Metal, etc. Energy Solar, &hellip;<\/p>\n<p class=\"read-more\"> <a class=\"\" href=\"https:\/\/navarholdings.com\/es\/\"> <span class=\"screen-reader-text\">Inicio<\/span> Leer m\u00e1s &raquo;<\/a><\/p>","protected":false},"author":1,"featured_media":0,"parent":0,"menu_order":0,"comment_status":"closed","ping_status":"closed","template":"","meta":[],"_links":{"self":[{"href":"https:\/\/navarholdings.com\/es\/wp-json\/wp\/v2\/pages\/15"}],"collection":[{"href":"https:\/\/navarholdings.com\/es\/wp-json\/wp\/v2\/pages"}],"about":[{"href":"https:\/\/navarholdings.com\/es\/wp-json\/wp\/v2\/types\/page"}],"author":[{"embeddable":true,"href":"https:\/\/navarholdings.com\/es\/wp-json\/wp\/v2\/users\/1"}],"replies":[{"embeddable":true,"href":"https:\/\/navarholdings.com\/es\/wp-json\/wp\/v2\/comments?post=15"}],"version-history":[{"count":2,"href":"https:\/\/navarholdings.com\/es\/wp-json\/wp\/v2\/pages\/15\/revisions"}],"predecessor-version":[{"id":1547,"href":"https:\/\/navarholdings.com\/es\/wp-json\/wp\/v2\/pages\/15\/revisions\/1547"}],"wp:attachment":[{"href":"https:\/\/navarholdings.com\/es\/wp-json\/wp\/v2\/media?parent=15"}],"curies":[{"name":"wp","href":"https:\/\/api.w.org\/{rel}","templated":true}]}}